{"id":701,"date":"2025-07-10T13:02:44","date_gmt":"2025-07-10T11:02:44","guid":{"rendered":"https:\/\/hausprojekt-krausfeld.de\/?page_id=701"},"modified":"2025-07-11T13:22:22","modified_gmt":"2025-07-11T11:22:22","slug":"dachsanierung-unser-dach-braucht-unterstuetzung","status":"publish","type":"page","link":"https:\/\/hausprojekt-krausfeld.de\/index.php\/dachsanierung-unser-dach-braucht-unterstuetzung\/","title":{"rendered":"Dachsanierung"},"content":{"rendered":"\n<p>Unser Dach braucht Unterst\u00fctzung! Wir stehen vor einer gro\u00dfen Herausforderung: Unser Dach ist stark sanierungsbed\u00fcrftig. Die Dachziegel sind teilweise besch\u00e4digt und es gibt keine D\u00e4mmung. Wenn wir nicht handeln, drohen langfristige Sch\u00e4den an der Substanz des Hauses. Um das zu verhindern, gehen wir gemeinsam die Dachsanierung an. Die geplanten Arbeiten sind aufwendig und kosten viel Geld.<\/p>\n\n\n\n<figure class=\"wp-block-image alignright size-large is-resized\"><img loading=\"lazy\" decoding=\"async\" width=\"768\" height=\"1024\" src=\"https:\/\/hausprojekt-krausfeld.de\/wp-content\/uploads\/2025\/07\/Weitaufnahme-768x1024.jpg\" alt=\"\" class=\"wp-image-702\" style=\"width:324px;height:auto\" srcset=\"https:\/\/hausprojekt-krausfeld.de\/wp-content\/uploads\/2025\/07\/Weitaufnahme-768x1024.jpg 768w, https:\/\/hausprojekt-krausfeld.de\/wp-content\/uploads\/2025\/07\/Weitaufnahme-225x300.jpg 225w, https:\/\/hausprojekt-krausfeld.de\/wp-content\/uploads\/2025\/07\/Weitaufnahme-1152x1536.jpg 1152w, https:\/\/hausprojekt-krausfeld.de\/wp-content\/uploads\/2025\/07\/Weitaufnahme.jpg 1200w\" sizes=\"auto, (max-width: 768px) 100vw, 768px\" \/><\/figure>\n\n\n\n<p class=\"has-medium-font-size\">Energetische Sanierung<\/p>\n\n\n\n<p>Doch es gibt auch viel zu gewinnen: Die energetische Sanierung umfasst eine vollst\u00e4ndige D\u00e4mmung des Dachs nach aktuellem Standard. Damit verbessern wir den W\u00e4rmeschutz des Hauses deutlich und senken die Heizkosten und Energiebedarf dauerhaft.<\/p>\n\n\n\n<p class=\"has-medium-font-size\">Wohnraum schaffen <\/p>\n\n\n\n<p>Durch den Dachausbau entsteht au\u00dferdem neuer Wohnraum f\u00fcr zus\u00e4tzliche Mitbewohner*Innen. So k\u00f6nnen wir mehr Menschen das Leben in einem  bezahlbaren, selbstorganisierten und gemeinschaftlich gestalteten Umfeld m\u00f6glich machen. Nebenbei leisten wir einen kleinen Beitrag gegen den Wohnraummangel in Bonn.<\/p>\n\n\n\n<figure class=\"wp-block-image alignleft size-large is-resized\"><img loading=\"lazy\" decoding=\"async\" width=\"768\" height=\"1024\" src=\"https:\/\/hausprojekt-krausfeld.de\/wp-content\/uploads\/2025\/07\/Nahaufnahme-768x1024.jpg\" alt=\"\" class=\"wp-image-704\" style=\"width:290px;height:auto\" srcset=\"https:\/\/hausprojekt-krausfeld.de\/wp-content\/uploads\/2025\/07\/Nahaufnahme-768x1024.jpg 768w, https:\/\/hausprojekt-krausfeld.de\/wp-content\/uploads\/2025\/07\/Nahaufnahme-225x300.jpg 225w, https:\/\/hausprojekt-krausfeld.de\/wp-content\/uploads\/2025\/07\/Nahaufnahme-1152x1536.jpg 1152w, https:\/\/hausprojekt-krausfeld.de\/wp-content\/uploads\/2025\/07\/Nahaufnahme.jpg 1200w\" sizes=\"auto, (max-width: 768px) 100vw, 768px\" \/><\/figure>\n\n\n\n<p class=\"has-medium-font-size\">Finanzierung<\/p>\n\n\n\n<p>Die Sanierung ist aufwendig und teuer. Anstatt einen Bankkredit aufzunehmen, setzen wir auf Direktkredite: Menschen wie du k\u00f6nnen uns Geld leihen \u2013 direkt, transparent und mit klar vereinbarten R\u00fcckzahlungsbedingungen. Du unterst\u00fctzt damit nicht nur dringend notwendige Bauma\u00dfnahmen, sondern wirst Teil einer nachhaltigen Investition in gemeinschaftliches Wohnen.<\/p>\n\n\n\n<p>Wenn du uns einen Direktkredit geben m\u00f6chtest oder Fragen hast, freuen wir uns auf deine Nachricht: <a>kontakt@hausprojekt-krausfeld.de<\/a><br>Mehr Infos zu Konditionen, Ablauf und rechtlichen Hintergr\u00fcnden findest du <a href=\"https:\/\/hausprojekt-krausfeld.de\/index.php\/dein-direktkredit\/\">hier<\/a>.<\/p>\n","protected":false},"excerpt":{"rendered":"<p>Unser Dach braucht Unterst\u00fctzung! Wir stehen vor einer gro\u00dfen Herausforderung: Unser Dach ist stark sanierungsbed\u00fcrftig. Die Dachziegel sind teilweise besch\u00e4digt und es gibt keine D\u00e4mmung. Wenn wir nicht handeln, drohen langfristige Sch\u00e4den an der Substanz des Hauses. Um das zu verhindern, gehen wir gemeinsam die Dachsanierung an. Die geplanten Arbeiten sind aufwendig und kosten viel [&hellip;]<\/p>\n","protected":false},"author":1,"featured_media":0,"parent":0,"menu_order":2,"comment_status":"closed","ping_status":"closed","template":"","meta":{"site-sidebar-layout":"default","site-content-layout":"","ast-site-content-layout":"default","site-content-style":"default","site-sidebar-style":"default","ast-global-header-display":"","ast-banner-title-visibility":"","ast-main-header-display":"","ast-hfb-above-header-display":"","ast-hfb-below-header-display":"","ast-hfb-mobile-header-display":"","site-post-title":"","ast-breadcrumbs-content":"","ast-featured-img":"","footer-sml-layout":"","theme-transparent-header-meta":"","adv-header-id-meta":"","stick-header-meta":"","header-above-stick-meta":"","header-main-stick-meta":"","header-below-stick-meta":"","astra-migrate-meta-layouts":"set","ast-page-background-enabled":"default","ast-page-background-meta":{"desktop":{"background-color":"var(--ast-global-color-4)","background-image":"","background-repeat":"repeat","background-position":"center center","background-size":"auto","background-attachment":"scroll","background-type":"","background-media":"","overlay-type":"","overlay-color":"","overlay-opacity":"","overlay-gradient":""},"tablet":{"background-color":"","background-image":"","background-repeat":"repeat","background-position":"center center","background-size":"auto","background-attachment":"scroll","background-type":"","background-media":"","overlay-type":"","overlay-color":"","overlay-opacity":"","overlay-gradient":""},"mobile":{"background-color":"","background-image":"","background-repeat":"repeat","background-position":"center center","background-size":"auto","background-attachment":"scroll","background-type":"","background-media":"","overlay-type":"","overlay-color":"","overlay-opacity":"","overlay-gradient":""}},"ast-content-background-meta":{"desktop":{"background-color":"var(--ast-global-color-5)","background-image":"","background-repeat":"repeat","background-position":"center center","background-size":"auto","background-attachment":"scroll","background-type":"","background-media":"","overlay-type":"","overlay-color":"","overlay-opacity":"","overlay-gradient":""},"tablet":{"background-color":"var(--ast-global-color-5)","background-image":"","background-repeat":"repeat","background-position":"center center","background-size":"auto","background-attachment":"scroll","background-type":"","background-media":"","overlay-type":"","overlay-color":"","overlay-opacity":"","overlay-gradient":""},"mobile":{"background-color":"var(--ast-global-color-5)","background-image":"","background-repeat":"repeat","background-position":"center center","background-size":"auto","background-attachment":"scroll","background-type":"","background-media":"","overlay-type":"","overlay-color":"","overlay-opacity":"","overlay-gradient":""}},"footnotes":""},"class_list":["post-701","page","type-page","status-publish","hentry"],"yoast_head":"<!-- This site is optimized with the Yoast SEO plugin v27.3 - https:\/\/yoast.com\/product\/yoast-seo-wordpress\/ -->\n<title>Dachsanierung - Hausprojekt Krausfeld<\/title>\n<meta name=\"robots\" content=\"index, follow, max-snippet:-1, max-image-preview:large, max-video-preview:-1\" \/>\n<link rel=\"canonical\" href=\"https:\/\/hausprojekt-krausfeld.de\/index.php\/dachsanierung-unser-dach-braucht-unterstuetzung\/\" \/>\n<meta property=\"og:locale\" content=\"de_DE\" \/>\n<meta property=\"og:type\" content=\"article\" \/>\n<meta property=\"og:title\" content=\"Dachsanierung - Hausprojekt Krausfeld\" \/>\n<meta property=\"og:description\" content=\"Unser Dach braucht Unterst\u00fctzung! Wir stehen vor einer gro\u00dfen Herausforderung: Unser Dach ist stark sanierungsbed\u00fcrftig. Die Dachziegel sind teilweise besch\u00e4digt und es gibt keine D\u00e4mmung. Wenn wir nicht handeln, drohen langfristige Sch\u00e4den an der Substanz des Hauses. Um das zu verhindern, gehen wir gemeinsam die Dachsanierung an. Die geplanten Arbeiten sind aufwendig und kosten viel [&hellip;]\" \/>\n<meta property=\"og:url\" content=\"https:\/\/hausprojekt-krausfeld.de\/index.php\/dachsanierung-unser-dach-braucht-unterstuetzung\/\" \/>\n<meta property=\"og:site_name\" content=\"Hausprojekt Krausfeld\" \/>\n<meta property=\"article:modified_time\" content=\"2025-07-11T11:22:22+00:00\" \/>\n<meta property=\"og:image\" content=\"https:\/\/hausprojekt-krausfeld.de\/wp-content\/uploads\/2025\/07\/Weitaufnahme.jpg\" \/>\n\t<meta property=\"og:image:width\" content=\"1200\" \/>\n\t<meta property=\"og:image:height\" content=\"1600\" \/>\n\t<meta property=\"og:image:type\" content=\"image\/jpeg\" \/>\n<meta name=\"twitter:card\" content=\"summary_large_image\" \/>\n<meta name=\"twitter:site\" content=\"@krausfeld\" \/>\n<meta name=\"twitter:label1\" content=\"Gesch\u00e4tzte Lesezeit\" \/>\n\t<meta name=\"twitter:data1\" content=\"2\u00a0Minuten\" \/>\n<script type=\"application\/ld+json\" class=\"yoast-schema-graph\">{\"@context\":\"https:\\\/\\\/schema.org\",\"@graph\":[{\"@type\":\"WebPage\",\"@id\":\"https:\\\/\\\/hausprojekt-krausfeld.de\\\/index.php\\\/dachsanierung-unser-dach-braucht-unterstuetzung\\\/\",\"url\":\"https:\\\/\\\/hausprojekt-krausfeld.de\\\/index.php\\\/dachsanierung-unser-dach-braucht-unterstuetzung\\\/\",\"name\":\"Dachsanierung - Hausprojekt Krausfeld\",\"isPartOf\":{\"@id\":\"https:\\\/\\\/hausprojekt-krausfeld.de\\\/#website\"},\"primaryImageOfPage\":{\"@id\":\"https:\\\/\\\/hausprojekt-krausfeld.de\\\/index.php\\\/dachsanierung-unser-dach-braucht-unterstuetzung\\\/#primaryimage\"},\"image\":{\"@id\":\"https:\\\/\\\/hausprojekt-krausfeld.de\\\/index.php\\\/dachsanierung-unser-dach-braucht-unterstuetzung\\\/#primaryimage\"},\"thumbnailUrl\":\"https:\\\/\\\/hausprojekt-krausfeld.de\\\/wp-content\\\/uploads\\\/2025\\\/07\\\/Weitaufnahme-768x1024.jpg\",\"datePublished\":\"2025-07-10T11:02:44+00:00\",\"dateModified\":\"2025-07-11T11:22:22+00:00\",\"breadcrumb\":{\"@id\":\"https:\\\/\\\/hausprojekt-krausfeld.de\\\/index.php\\\/dachsanierung-unser-dach-braucht-unterstuetzung\\\/#breadcrumb\"},\"inLanguage\":\"de\",\"potentialAction\":[{\"@type\":\"ReadAction\",\"target\":[\"https:\\\/\\\/hausprojekt-krausfeld.de\\\/index.php\\\/dachsanierung-unser-dach-braucht-unterstuetzung\\\/\"]}]},{\"@type\":\"ImageObject\",\"inLanguage\":\"de\",\"@id\":\"https:\\\/\\\/hausprojekt-krausfeld.de\\\/index.php\\\/dachsanierung-unser-dach-braucht-unterstuetzung\\\/#primaryimage\",\"url\":\"https:\\\/\\\/hausprojekt-krausfeld.de\\\/wp-content\\\/uploads\\\/2025\\\/07\\\/Weitaufnahme.jpg\",\"contentUrl\":\"https:\\\/\\\/hausprojekt-krausfeld.de\\\/wp-content\\\/uploads\\\/2025\\\/07\\\/Weitaufnahme.jpg\",\"width\":1200,\"height\":1600},{\"@type\":\"BreadcrumbList\",\"@id\":\"https:\\\/\\\/hausprojekt-krausfeld.de\\\/index.php\\\/dachsanierung-unser-dach-braucht-unterstuetzung\\\/#breadcrumb\",\"itemListElement\":[{\"@type\":\"ListItem\",\"position\":1,\"name\":\"Home\",\"item\":\"https:\\\/\\\/hausprojekt-krausfeld.de\\\/\"},{\"@type\":\"ListItem\",\"position\":2,\"name\":\"Dachsanierung\"}]},{\"@type\":\"WebSite\",\"@id\":\"https:\\\/\\\/hausprojekt-krausfeld.de\\\/#website\",\"url\":\"https:\\\/\\\/hausprojekt-krausfeld.de\\\/\",\"name\":\"Gut Krausfeld\",\"description\":\"Solidarisches Wohnprojekt in Bonn\",\"publisher\":{\"@id\":\"https:\\\/\\\/hausprojekt-krausfeld.de\\\/#organization\"},\"potentialAction\":[{\"@type\":\"SearchAction\",\"target\":{\"@type\":\"EntryPoint\",\"urlTemplate\":\"https:\\\/\\\/hausprojekt-krausfeld.de\\\/?s={search_term_string}\"},\"query-input\":{\"@type\":\"PropertyValueSpecification\",\"valueRequired\":true,\"valueName\":\"search_term_string\"}}],\"inLanguage\":\"de\"},{\"@type\":\"Organization\",\"@id\":\"https:\\\/\\\/hausprojekt-krausfeld.de\\\/#organization\",\"name\":\"Gut Krausfeld e.V.\",\"url\":\"https:\\\/\\\/hausprojekt-krausfeld.de\\\/\",\"logo\":{\"@type\":\"ImageObject\",\"inLanguage\":\"de\",\"@id\":\"https:\\\/\\\/hausprojekt-krausfeld.de\\\/#\\\/schema\\\/logo\\\/image\\\/\",\"url\":\"https:\\\/\\\/hausprojekt-krausfeld.de\\\/wp-content\\\/uploads\\\/2019\\\/08\\\/GKLogSCHWARZ-2.png\",\"contentUrl\":\"https:\\\/\\\/hausprojekt-krausfeld.de\\\/wp-content\\\/uploads\\\/2019\\\/08\\\/GKLogSCHWARZ-2.png\",\"width\":1080,\"height\":848,\"caption\":\"Gut Krausfeld e.V.\"},\"image\":{\"@id\":\"https:\\\/\\\/hausprojekt-krausfeld.de\\\/#\\\/schema\\\/logo\\\/image\\\/\"},\"sameAs\":[\"https:\\\/\\\/x.com\\\/krausfeld\",\"http:\\\/\\\/@gut-krausfeld\"]}]}<\/script>\n<!-- \/ Yoast SEO plugin. -->","yoast_head_json":{"title":"Dachsanierung - Hausprojekt Krausfeld","robots":{"index":"index","follow":"follow","max-snippet":"max-snippet:-1","max-image-preview":"max-image-preview:large","max-video-preview":"max-video-preview:-1"},"canonical":"https:\/\/hausprojekt-krausfeld.de\/index.php\/dachsanierung-unser-dach-braucht-unterstuetzung\/","og_locale":"de_DE","og_type":"article","og_title":"Dachsanierung - Hausprojekt Krausfeld","og_description":"Unser Dach braucht Unterst\u00fctzung! Wir stehen vor einer gro\u00dfen Herausforderung: Unser Dach ist stark sanierungsbed\u00fcrftig. Die Dachziegel sind teilweise besch\u00e4digt und es gibt keine D\u00e4mmung. Wenn wir nicht handeln, drohen langfristige Sch\u00e4den an der Substanz des Hauses. Um das zu verhindern, gehen wir gemeinsam die Dachsanierung an. Die geplanten Arbeiten sind aufwendig und kosten viel [&hellip;]","og_url":"https:\/\/hausprojekt-krausfeld.de\/index.php\/dachsanierung-unser-dach-braucht-unterstuetzung\/","og_site_name":"Hausprojekt Krausfeld","article_modified_time":"2025-07-11T11:22:22+00:00","og_image":[{"width":1200,"height":1600,"url":"https:\/\/hausprojekt-krausfeld.de\/wp-content\/uploads\/2025\/07\/Weitaufnahme.jpg","type":"image\/jpeg"}],"twitter_card":"summary_large_image","twitter_site":"@krausfeld","twitter_misc":{"Gesch\u00e4tzte Lesezeit":"2\u00a0Minuten"},"schema":{"@context":"https:\/\/schema.org","@graph":[{"@type":"WebPage","@id":"https:\/\/hausprojekt-krausfeld.de\/index.php\/dachsanierung-unser-dach-braucht-unterstuetzung\/","url":"https:\/\/hausprojekt-krausfeld.de\/index.php\/dachsanierung-unser-dach-braucht-unterstuetzung\/","name":"Dachsanierung - Hausprojekt Krausfeld","isPartOf":{"@id":"https:\/\/hausprojekt-krausfeld.de\/#website"},"primaryImageOfPage":{"@id":"https:\/\/hausprojekt-krausfeld.de\/index.php\/dachsanierung-unser-dach-braucht-unterstuetzung\/#primaryimage"},"image":{"@id":"https:\/\/hausprojekt-krausfeld.de\/index.php\/dachsanierung-unser-dach-braucht-unterstuetzung\/#primaryimage"},"thumbnailUrl":"https:\/\/hausprojekt-krausfeld.de\/wp-content\/uploads\/2025\/07\/Weitaufnahme-768x1024.jpg","datePublished":"2025-07-10T11:02:44+00:00","dateModified":"2025-07-11T11:22:22+00:00","breadcrumb":{"@id":"https:\/\/hausprojekt-krausfeld.de\/index.php\/dachsanierung-unser-dach-braucht-unterstuetzung\/#breadcrumb"},"inLanguage":"de","potentialAction":[{"@type":"ReadAction","target":["https:\/\/hausprojekt-krausfeld.de\/index.php\/dachsanierung-unser-dach-braucht-unterstuetzung\/"]}]},{"@type":"ImageObject","inLanguage":"de","@id":"https:\/\/hausprojekt-krausfeld.de\/index.php\/dachsanierung-unser-dach-braucht-unterstuetzung\/#primaryimage","url":"https:\/\/hausprojekt-krausfeld.de\/wp-content\/uploads\/2025\/07\/Weitaufnahme.jpg","contentUrl":"https:\/\/hausprojekt-krausfeld.de\/wp-content\/uploads\/2025\/07\/Weitaufnahme.jpg","width":1200,"height":1600},{"@type":"BreadcrumbList","@id":"https:\/\/hausprojekt-krausfeld.de\/index.php\/dachsanierung-unser-dach-braucht-unterstuetzung\/#breadcrumb","itemListElement":[{"@type":"ListItem","position":1,"name":"Home","item":"https:\/\/hausprojekt-krausfeld.de\/"},{"@type":"ListItem","position":2,"name":"Dachsanierung"}]},{"@type":"WebSite","@id":"https:\/\/hausprojekt-krausfeld.de\/#website","url":"https:\/\/hausprojekt-krausfeld.de\/","name":"Gut Krausfeld","description":"Solidarisches Wohnprojekt in Bonn","publisher":{"@id":"https:\/\/hausprojekt-krausfeld.de\/#organization"},"potentialAction":[{"@type":"SearchAction","target":{"@type":"EntryPoint","urlTemplate":"https:\/\/hausprojekt-krausfeld.de\/?s={search_term_string}"},"query-input":{"@type":"PropertyValueSpecification","valueRequired":true,"valueName":"search_term_string"}}],"inLanguage":"de"},{"@type":"Organization","@id":"https:\/\/hausprojekt-krausfeld.de\/#organization","name":"Gut Krausfeld e.V.","url":"https:\/\/hausprojekt-krausfeld.de\/","logo":{"@type":"ImageObject","inLanguage":"de","@id":"https:\/\/hausprojekt-krausfeld.de\/#\/schema\/logo\/image\/","url":"https:\/\/hausprojekt-krausfeld.de\/wp-content\/uploads\/2019\/08\/GKLogSCHWARZ-2.png","contentUrl":"https:\/\/hausprojekt-krausfeld.de\/wp-content\/uploads\/2019\/08\/GKLogSCHWARZ-2.png","width":1080,"height":848,"caption":"Gut Krausfeld e.V."},"image":{"@id":"https:\/\/hausprojekt-krausfeld.de\/#\/schema\/logo\/image\/"},"sameAs":["https:\/\/x.com\/krausfeld","http:\/\/@gut-krausfeld"]}]}},"_links":{"self":[{"href":"https:\/\/hausprojekt-krausfeld.de\/index.php\/wp-json\/wp\/v2\/pages\/701","targetHints":{"allow":["GET"]}}],"collection":[{"href":"https:\/\/hausprojekt-krausfeld.de\/index.php\/wp-json\/wp\/v2\/pages"}],"about":[{"href":"https:\/\/hausprojekt-krausfeld.de\/index.php\/wp-json\/wp\/v2\/types\/page"}],"author":[{"embeddable":true,"href":"https:\/\/hausprojekt-krausfeld.de\/index.php\/wp-json\/wp\/v2\/users\/1"}],"replies":[{"embeddable":true,"href":"https:\/\/hausprojekt-krausfeld.de\/index.php\/wp-json\/wp\/v2\/comments?post=701"}],"version-history":[{"count":2,"href":"https:\/\/hausprojekt-krausfeld.de\/index.php\/wp-json\/wp\/v2\/pages\/701\/revisions"}],"predecessor-version":[{"id":718,"href":"https:\/\/hausprojekt-krausfeld.de\/index.php\/wp-json\/wp\/v2\/pages\/701\/revisions\/718"}],"wp:attachment":[{"href":"https:\/\/hausprojekt-krausfeld.de\/index.php\/wp-json\/wp\/v2\/media?parent=701"}],"curies":[{"name":"wp","href":"https:\/\/api.w.org\/{rel}","templated":true}]}}