{"id":22,"date":"2019-04-24T19:28:20","date_gmt":"2019-04-24T19:28:20","guid":{"rendered":"https:\/\/gut-krausfeld.de\/?page_id=22"},"modified":"2025-10-19T16:21:13","modified_gmt":"2025-10-19T14:21:13","slug":"landingpage","status":"publish","type":"page","link":"https:\/\/hausprojekt-krausfeld.de\/","title":{"rendered":"Willkommen im Krausfeld!"},"content":{"rendered":"\n<p class=\"has-normal-font-size\"><br>Wir sind ein Hausprojekt inmitten der Bonner Altstadt. Wir leben seit acht Jahren in unserem Haus in gemeinwohlorientierter Besitzform ohne Eigentumsanspruch. Wir setzen uns daf\u00fcr ein, dass Wohnen keine Ware ist: fernab von Mietspekulation, mit energetischer Sanierung und dem Ziel, einen offenen, solidarischen Ort des Miteinanders zu erhalten und weiterzuentwickeln. Seit November 2024 sind wir Teil des Mietsh\u00e4user Syndikats. Aktuell befinden wir uns in der Planung der energetischen Sanierung und dem Ausbau des Dachgeschossausbaus, um weiteren Wohmraum zu schaffen.<\/p>\n\n\n\n<div class=\"wp-block-cover is-light wp-duotone-unset-1\"><img loading=\"lazy\" decoding=\"async\" width=\"1920\" height=\"1280\" class=\"wp-block-cover__image-background wp-image-603\" alt=\"\" src=\"https:\/\/hausprojekt-krausfeld.de\/wp-content\/uploads\/2024\/08\/hoffest_2024-40-von-53.jpg\" data-object-fit=\"cover\" srcset=\"https:\/\/hausprojekt-krausfeld.de\/wp-content\/uploads\/2024\/08\/hoffest_2024-40-von-53.jpg 1920w, https:\/\/hausprojekt-krausfeld.de\/wp-content\/uploads\/2024\/08\/hoffest_2024-40-von-53-300x200.jpg 300w, https:\/\/hausprojekt-krausfeld.de\/wp-content\/uploads\/2024\/08\/hoffest_2024-40-von-53-1024x683.jpg 1024w, https:\/\/hausprojekt-krausfeld.de\/wp-content\/uploads\/2024\/08\/hoffest_2024-40-von-53-768x512.jpg 768w, https:\/\/hausprojekt-krausfeld.de\/wp-content\/uploads\/2024\/08\/hoffest_2024-40-von-53-1536x1024.jpg 1536w\" sizes=\"auto, (max-width: 1920px) 100vw, 1920px\" \/><span aria-hidden=\"true\" class=\"wp-block-cover__background has-background-dim\" style=\"background-color:#86806e\"><\/span><div class=\"wp-block-cover__inner-container is-layout-flow wp-block-cover-is-layout-flow\">\n<p class=\"has-text-align-center has-ast-global-color-5-color has-text-color has-link-color has-large-font-size wp-elements-8df7cf7c4e9214ba0a2a5510e418ff4d\"><a href=\"https:\/\/hausprojekt-krausfeld.de\/index.php\/dein-direktkredit\/\">Direktkredite<\/a><\/p>\n<\/div><\/div>\n\n\n\n<p><\/p>\n\n\n\n<div class=\"wp-block-cover is-light wp-duotone-unset-2\"><img loading=\"lazy\" decoding=\"async\" width=\"2560\" height=\"1707\" class=\"wp-block-cover__image-background wp-image-604\" alt=\"\" src=\"https:\/\/hausprojekt-krausfeld.de\/wp-content\/uploads\/2024\/08\/MG_1423-scaled.jpg\" data-object-fit=\"cover\" srcset=\"https:\/\/hausprojekt-krausfeld.de\/wp-content\/uploads\/2024\/08\/MG_1423-scaled.jpg 2560w, https:\/\/hausprojekt-krausfeld.de\/wp-content\/uploads\/2024\/08\/MG_1423-300x200.jpg 300w, https:\/\/hausprojekt-krausfeld.de\/wp-content\/uploads\/2024\/08\/MG_1423-1024x683.jpg 1024w, https:\/\/hausprojekt-krausfeld.de\/wp-content\/uploads\/2024\/08\/MG_1423-768x512.jpg 768w, https:\/\/hausprojekt-krausfeld.de\/wp-content\/uploads\/2024\/08\/MG_1423-1536x1024.jpg 1536w, https:\/\/hausprojekt-krausfeld.de\/wp-content\/uploads\/2024\/08\/MG_1423-2048x1365.jpg 2048w\" sizes=\"auto, (max-width: 2560px) 100vw, 2560px\" \/><span aria-hidden=\"true\" class=\"wp-block-cover__background has-background-dim\" style=\"background-color:#75706f\"><\/span><div class=\"wp-block-cover__inner-container is-layout-flow wp-block-cover-is-layout-flow\">\n<p class=\"has-text-align-center has-ast-global-color-5-color has-text-color has-link-color has-large-font-size wp-elements-0f4fda4dec03c57053493eec11f36bd6\"><a href=\"https:\/\/hausprojekt-krausfeld.de\/index.php\/motivation-und-vision\/\"> Motivation und Vision<\/a><\/p>\n<\/div><\/div>\n\n\n\n<p><\/p>\n\n\n\n<div class=\"wp-block-cover is-light wp-duotone-unset-3\"><img loading=\"lazy\" decoding=\"async\" width=\"720\" height=\"1280\" class=\"wp-block-cover__image-background wp-image-98\" alt=\"\" src=\"https:\/\/gut-krausfeld.de\/wp-content\/uploads\/2019\/10\/IMG_20191009_144647_843.jpg\" style=\"object-position:65% 40%\" data-object-fit=\"cover\" data-object-position=\"65% 40%\" srcset=\"https:\/\/hausprojekt-krausfeld.de\/wp-content\/uploads\/2019\/10\/IMG_20191009_144647_843.jpg 720w, https:\/\/hausprojekt-krausfeld.de\/wp-content\/uploads\/2019\/10\/IMG_20191009_144647_843-169x300.jpg 169w, https:\/\/hausprojekt-krausfeld.de\/wp-content\/uploads\/2019\/10\/IMG_20191009_144647_843-576x1024.jpg 576w\" sizes=\"auto, (max-width: 720px) 100vw, 720px\" \/><span aria-hidden=\"true\" class=\"wp-block-cover__background has-background-dim\"><\/span><div class=\"wp-block-cover__inner-container is-layout-flow wp-block-cover-is-layout-flow\">\n<p class=\"has-text-align-center has-ast-global-color-5-color has-text-color has-link-color has-large-font-size wp-elements-a0d3a4574068900257ab27afd0df9289\"><a href=\"https:\/\/hausprojekt-krausfeld.de\/index.php\/projekt-und-finanzierungsstruktur\/\">Projekt- und Finanzierungsstruktur<\/a><\/p>\n<\/div><\/div>\n","protected":false},"excerpt":{"rendered":"<p>Wir sind ein Hausprojekt inmitten der Bonner Altstadt. Wir leben seit acht Jahren in unserem Haus in gemeinwohlorientierter Besitzform ohne Eigentumsanspruch. Wir setzen uns daf\u00fcr ein, dass Wohnen keine Ware ist: fernab von Mietspekulation, mit energetischer Sanierung und dem Ziel, einen offenen, solidarischen Ort des Miteinanders zu erhalten und weiterzuentwickeln. Seit November 2024 sind wir [&hellip;]<\/p>\n","protected":false},"author":1,"featured_media":0,"parent":0,"menu_order":0,"comment_status":"closed","ping_status":"closed","template":"","meta":{"site-sidebar-layout":"default","site-content-layout":"default","ast-site-content-layout":"default","site-content-style":"default","site-sidebar-style":"default","ast-global-header-display":"","ast-banner-title-visibility":"","ast-main-header-display":"","ast-hfb-above-header-display":"","ast-hfb-below-header-display":"","ast-hfb-mobile-header-display":"","site-post-title":"","ast-breadcrumbs-content":"","ast-featured-img":"","footer-sml-layout":"","theme-transparent-header-meta":"default","adv-header-id-meta":"","stick-header-meta":"","header-above-stick-meta":"","header-main-stick-meta":"","header-below-stick-meta":"","astra-migrate-meta-layouts":"set","ast-page-background-enabled":"default","ast-page-background-meta":{"desktop":{"background-color":"var(--ast-global-color-4)","background-image":"","background-repeat":"repeat","background-position":"center center","background-size":"auto","background-attachment":"scroll","background-type":"","background-media":"","overlay-type":"","overlay-color":"","overlay-opacity":"","overlay-gradient":""},"tablet":{"background-color":"","background-image":"","background-repeat":"repeat","background-position":"center center","background-size":"auto","background-attachment":"scroll","background-type":"","background-media":"","overlay-type":"","overlay-color":"","overlay-opacity":"","overlay-gradient":""},"mobile":{"background-color":"","background-image":"","background-repeat":"repeat","background-position":"center center","background-size":"auto","background-attachment":"scroll","background-type":"","background-media":"","overlay-type":"","overlay-color":"","overlay-opacity":"","overlay-gradient":""}},"ast-content-background-meta":{"desktop":{"background-color":"var(--ast-global-color-5)","background-image":"","background-repeat":"repeat","background-position":"center center","background-size":"auto","background-attachment":"scroll","background-type":"","background-media":"","overlay-type":"","overlay-color":"","overlay-opacity":"","overlay-gradient":""},"tablet":{"background-color":"var(--ast-global-color-5)","background-image":"","background-repeat":"repeat","background-position":"center center","background-size":"auto","background-attachment":"scroll","background-type":"","background-media":"","overlay-type":"","overlay-color":"","overlay-opacity":"","overlay-gradient":""},"mobile":{"background-color":"var(--ast-global-color-5)","background-image":"","background-repeat":"repeat","background-position":"center center","background-size":"auto","background-attachment":"scroll","background-type":"","background-media":"","overlay-type":"","overlay-color":"","overlay-opacity":"","overlay-gradient":""}},"footnotes":""},"class_list":["post-22","page","type-page","status-publish","hentry"],"yoast_head":"<!-- This site is optimized with the Yoast SEO plugin v27.4 - https:\/\/yoast.com\/product\/yoast-seo-wordpress\/ -->\n<title>Willkommen im Krausfeld! - Hausprojekt Krausfeld<\/title>\n<meta name=\"description\" content=\"Wir sind ein solidarisches Wohnprojekt in Bonn. Wir m\u00f6chten eine kollektive, gemeinwohlorientierte Eigentumsstruktur f\u00fcr unser Haus erreichen!\" \/>\n<meta name=\"robots\" content=\"index, follow, max-snippet:-1, max-image-preview:large, max-video-preview:-1\" \/>\n<link rel=\"canonical\" href=\"https:\/\/hausprojekt-krausfeld.de\/\" \/>\n<meta property=\"og:locale\" content=\"de_DE\" \/>\n<meta property=\"og:type\" content=\"article\" \/>\n<meta property=\"og:title\" content=\"Willkommen im Krausfeld! - Hausprojekt Krausfeld\" \/>\n<meta property=\"og:description\" content=\"Wir sind ein solidarisches Wohnprojekt in Bonn. Wir m\u00f6chten eine kollektive, gemeinwohlorientierte Eigentumsstruktur f\u00fcr unser Haus erreichen!\" \/>\n<meta property=\"og:url\" content=\"https:\/\/hausprojekt-krausfeld.de\/\" \/>\n<meta property=\"og:site_name\" content=\"Hausprojekt Krausfeld\" \/>\n<meta property=\"article:modified_time\" content=\"2025-10-19T14:21:13+00:00\" \/>\n<meta property=\"og:image\" content=\"https:\/\/hausprojekt-krausfeld.de\/wp-content\/uploads\/2019\/12\/DSC_0106-01.jpeg\" \/>\n\t<meta property=\"og:image:width\" content=\"1746\" \/>\n\t<meta property=\"og:image:height\" content=\"3104\" \/>\n\t<meta property=\"og:image:type\" content=\"image\/jpeg\" \/>\n<meta name=\"twitter:card\" content=\"summary_large_image\" \/>\n<meta name=\"twitter:title\" content=\"Solidarisches Wohnprojekt in Bonn\" \/>\n<meta name=\"twitter:description\" content=\"Wir sind ein solidarisches Wohnprojekt in Bonn, wir m\u00f6chten unser Haus kaufen und in eine gemeinwohlorientiere, kollektive Eigentumsstruktur \u00fcbertragen. Hierf\u00fcr sind wir auf der Sucher nach Direktkreditgeber:innen. Unser Ziel ist die Verwirklichung einer nachhaltigen, ressourcenschonenden Lebensweise in unserem Haus!\" \/>\n<meta name=\"twitter:image\" content=\"https:\/\/hausprojekt-krausfeld.de\/wp-content\/uploads\/2019\/12\/DSC_0106-01.jpeg\" \/>\n<meta name=\"twitter:site\" content=\"@krausfeld\" \/>\n<meta name=\"twitter:label1\" content=\"Gesch\u00e4tzte Lesezeit\" \/>\n\t<meta name=\"twitter:data1\" content=\"2\u00a0Minuten\" \/>\n<script type=\"application\/ld+json\" class=\"yoast-schema-graph\">{\"@context\":\"https:\\\/\\\/schema.org\",\"@graph\":[{\"@type\":\"WebPage\",\"@id\":\"https:\\\/\\\/hausprojekt-krausfeld.de\\\/\",\"url\":\"https:\\\/\\\/hausprojekt-krausfeld.de\\\/\",\"name\":\"Willkommen im Krausfeld! - Hausprojekt Krausfeld\",\"isPartOf\":{\"@id\":\"https:\\\/\\\/hausprojekt-krausfeld.de\\\/#website\"},\"primaryImageOfPage\":{\"@id\":\"https:\\\/\\\/hausprojekt-krausfeld.de\\\/#primaryimage\"},\"image\":{\"@id\":\"https:\\\/\\\/hausprojekt-krausfeld.de\\\/#primaryimage\"},\"thumbnailUrl\":\"https:\\\/\\\/hausprojekt-krausfeld.de\\\/wp-content\\\/uploads\\\/2024\\\/08\\\/hoffest_2024-40-von-53.jpg\",\"datePublished\":\"2019-04-24T19:28:20+00:00\",\"dateModified\":\"2025-10-19T14:21:13+00:00\",\"description\":\"Wir sind ein solidarisches Wohnprojekt in Bonn. Wir m\u00f6chten eine kollektive, gemeinwohlorientierte Eigentumsstruktur f\u00fcr unser Haus erreichen!\",\"breadcrumb\":{\"@id\":\"https:\\\/\\\/hausprojekt-krausfeld.de\\\/#breadcrumb\"},\"inLanguage\":\"de\",\"potentialAction\":[{\"@type\":\"ReadAction\",\"target\":[\"https:\\\/\\\/hausprojekt-krausfeld.de\\\/\"]}]},{\"@type\":\"ImageObject\",\"inLanguage\":\"de\",\"@id\":\"https:\\\/\\\/hausprojekt-krausfeld.de\\\/#primaryimage\",\"url\":\"https:\\\/\\\/hausprojekt-krausfeld.de\\\/wp-content\\\/uploads\\\/2024\\\/08\\\/hoffest_2024-40-von-53.jpg\",\"contentUrl\":\"https:\\\/\\\/hausprojekt-krausfeld.de\\\/wp-content\\\/uploads\\\/2024\\\/08\\\/hoffest_2024-40-von-53.jpg\",\"width\":1920,\"height\":1280},{\"@type\":\"BreadcrumbList\",\"@id\":\"https:\\\/\\\/hausprojekt-krausfeld.de\\\/#breadcrumb\",\"itemListElement\":[{\"@type\":\"ListItem\",\"position\":1,\"name\":\"Home\",\"item\":\"https:\\\/\\\/hausprojekt-krausfeld.de\\\/\"},{\"@type\":\"ListItem\",\"position\":2,\"name\":\"Willkommen im Krausfeld!\"}]},{\"@type\":\"WebSite\",\"@id\":\"https:\\\/\\\/hausprojekt-krausfeld.de\\\/#website\",\"url\":\"https:\\\/\\\/hausprojekt-krausfeld.de\\\/\",\"name\":\"Gut Krausfeld\",\"description\":\"Solidarisches Wohnprojekt in Bonn\",\"publisher\":{\"@id\":\"https:\\\/\\\/hausprojekt-krausfeld.de\\\/#organization\"},\"potentialAction\":[{\"@type\":\"SearchAction\",\"target\":{\"@type\":\"EntryPoint\",\"urlTemplate\":\"https:\\\/\\\/hausprojekt-krausfeld.de\\\/?s={search_term_string}\"},\"query-input\":{\"@type\":\"PropertyValueSpecification\",\"valueRequired\":true,\"valueName\":\"search_term_string\"}}],\"inLanguage\":\"de\"},{\"@type\":\"Organization\",\"@id\":\"https:\\\/\\\/hausprojekt-krausfeld.de\\\/#organization\",\"name\":\"Gut Krausfeld e.V.\",\"url\":\"https:\\\/\\\/hausprojekt-krausfeld.de\\\/\",\"logo\":{\"@type\":\"ImageObject\",\"inLanguage\":\"de\",\"@id\":\"https:\\\/\\\/hausprojekt-krausfeld.de\\\/#\\\/schema\\\/logo\\\/image\\\/\",\"url\":\"https:\\\/\\\/hausprojekt-krausfeld.de\\\/wp-content\\\/uploads\\\/2019\\\/08\\\/GKLogSCHWARZ-2.png\",\"contentUrl\":\"https:\\\/\\\/hausprojekt-krausfeld.de\\\/wp-content\\\/uploads\\\/2019\\\/08\\\/GKLogSCHWARZ-2.png\",\"width\":1080,\"height\":848,\"caption\":\"Gut Krausfeld e.V.\"},\"image\":{\"@id\":\"https:\\\/\\\/hausprojekt-krausfeld.de\\\/#\\\/schema\\\/logo\\\/image\\\/\"},\"sameAs\":[\"https:\\\/\\\/x.com\\\/krausfeld\",\"http:\\\/\\\/@gut-krausfeld\"]}]}<\/script>\n<!-- \/ Yoast SEO plugin. -->","yoast_head_json":{"title":"Willkommen im Krausfeld! - Hausprojekt Krausfeld","description":"Wir sind ein solidarisches Wohnprojekt in Bonn. Wir m\u00f6chten eine kollektive, gemeinwohlorientierte Eigentumsstruktur f\u00fcr unser Haus erreichen!","robots":{"index":"index","follow":"follow","max-snippet":"max-snippet:-1","max-image-preview":"max-image-preview:large","max-video-preview":"max-video-preview:-1"},"canonical":"https:\/\/hausprojekt-krausfeld.de\/","og_locale":"de_DE","og_type":"article","og_title":"Willkommen im Krausfeld! - Hausprojekt Krausfeld","og_description":"Wir sind ein solidarisches Wohnprojekt in Bonn. Wir m\u00f6chten eine kollektive, gemeinwohlorientierte Eigentumsstruktur f\u00fcr unser Haus erreichen!","og_url":"https:\/\/hausprojekt-krausfeld.de\/","og_site_name":"Hausprojekt Krausfeld","article_modified_time":"2025-10-19T14:21:13+00:00","og_image":[{"width":1746,"height":3104,"url":"https:\/\/hausprojekt-krausfeld.de\/wp-content\/uploads\/2019\/12\/DSC_0106-01.jpeg","type":"image\/jpeg"}],"twitter_card":"summary_large_image","twitter_title":"Solidarisches Wohnprojekt in Bonn","twitter_description":"Wir sind ein solidarisches Wohnprojekt in Bonn, wir m\u00f6chten unser Haus kaufen und in eine gemeinwohlorientiere, kollektive Eigentumsstruktur \u00fcbertragen. Hierf\u00fcr sind wir auf der Sucher nach Direktkreditgeber:innen. Unser Ziel ist die Verwirklichung einer nachhaltigen, ressourcenschonenden Lebensweise in unserem Haus!","twitter_image":"https:\/\/hausprojekt-krausfeld.de\/wp-content\/uploads\/2019\/12\/DSC_0106-01.jpeg","twitter_site":"@krausfeld","twitter_misc":{"Gesch\u00e4tzte Lesezeit":"2\u00a0Minuten"},"schema":{"@context":"https:\/\/schema.org","@graph":[{"@type":"WebPage","@id":"https:\/\/hausprojekt-krausfeld.de\/","url":"https:\/\/hausprojekt-krausfeld.de\/","name":"Willkommen im Krausfeld! - Hausprojekt Krausfeld","isPartOf":{"@id":"https:\/\/hausprojekt-krausfeld.de\/#website"},"primaryImageOfPage":{"@id":"https:\/\/hausprojekt-krausfeld.de\/#primaryimage"},"image":{"@id":"https:\/\/hausprojekt-krausfeld.de\/#primaryimage"},"thumbnailUrl":"https:\/\/hausprojekt-krausfeld.de\/wp-content\/uploads\/2024\/08\/hoffest_2024-40-von-53.jpg","datePublished":"2019-04-24T19:28:20+00:00","dateModified":"2025-10-19T14:21:13+00:00","description":"Wir sind ein solidarisches Wohnprojekt in Bonn. Wir m\u00f6chten eine kollektive, gemeinwohlorientierte Eigentumsstruktur f\u00fcr unser Haus erreichen!","breadcrumb":{"@id":"https:\/\/hausprojekt-krausfeld.de\/#breadcrumb"},"inLanguage":"de","potentialAction":[{"@type":"ReadAction","target":["https:\/\/hausprojekt-krausfeld.de\/"]}]},{"@type":"ImageObject","inLanguage":"de","@id":"https:\/\/hausprojekt-krausfeld.de\/#primaryimage","url":"https:\/\/hausprojekt-krausfeld.de\/wp-content\/uploads\/2024\/08\/hoffest_2024-40-von-53.jpg","contentUrl":"https:\/\/hausprojekt-krausfeld.de\/wp-content\/uploads\/2024\/08\/hoffest_2024-40-von-53.jpg","width":1920,"height":1280},{"@type":"BreadcrumbList","@id":"https:\/\/hausprojekt-krausfeld.de\/#breadcrumb","itemListElement":[{"@type":"ListItem","position":1,"name":"Home","item":"https:\/\/hausprojekt-krausfeld.de\/"},{"@type":"ListItem","position":2,"name":"Willkommen im Krausfeld!"}]},{"@type":"WebSite","@id":"https:\/\/hausprojekt-krausfeld.de\/#website","url":"https:\/\/hausprojekt-krausfeld.de\/","name":"Gut Krausfeld","description":"Solidarisches Wohnprojekt in Bonn","publisher":{"@id":"https:\/\/hausprojekt-krausfeld.de\/#organization"},"potentialAction":[{"@type":"SearchAction","target":{"@type":"EntryPoint","urlTemplate":"https:\/\/hausprojekt-krausfeld.de\/?s={search_term_string}"},"query-input":{"@type":"PropertyValueSpecification","valueRequired":true,"valueName":"search_term_string"}}],"inLanguage":"de"},{"@type":"Organization","@id":"https:\/\/hausprojekt-krausfeld.de\/#organization","name":"Gut Krausfeld e.V.","url":"https:\/\/hausprojekt-krausfeld.de\/","logo":{"@type":"ImageObject","inLanguage":"de","@id":"https:\/\/hausprojekt-krausfeld.de\/#\/schema\/logo\/image\/","url":"https:\/\/hausprojekt-krausfeld.de\/wp-content\/uploads\/2019\/08\/GKLogSCHWARZ-2.png","contentUrl":"https:\/\/hausprojekt-krausfeld.de\/wp-content\/uploads\/2019\/08\/GKLogSCHWARZ-2.png","width":1080,"height":848,"caption":"Gut Krausfeld e.V."},"image":{"@id":"https:\/\/hausprojekt-krausfeld.de\/#\/schema\/logo\/image\/"},"sameAs":["https:\/\/x.com\/krausfeld","http:\/\/@gut-krausfeld"]}]}},"_links":{"self":[{"href":"https:\/\/hausprojekt-krausfeld.de\/index.php\/wp-json\/wp\/v2\/pages\/22","targetHints":{"allow":["GET"]}}],"collection":[{"href":"https:\/\/hausprojekt-krausfeld.de\/index.php\/wp-json\/wp\/v2\/pages"}],"about":[{"href":"https:\/\/hausprojekt-krausfeld.de\/index.php\/wp-json\/wp\/v2\/types\/page"}],"author":[{"embeddable":true,"href":"https:\/\/hausprojekt-krausfeld.de\/index.php\/wp-json\/wp\/v2\/users\/1"}],"replies":[{"embeddable":true,"href":"https:\/\/hausprojekt-krausfeld.de\/index.php\/wp-json\/wp\/v2\/comments?post=22"}],"version-history":[{"count":73,"href":"https:\/\/hausprojekt-krausfeld.de\/index.php\/wp-json\/wp\/v2\/pages\/22\/revisions"}],"predecessor-version":[{"id":754,"href":"https:\/\/hausprojekt-krausfeld.de\/index.php\/wp-json\/wp\/v2\/pages\/22\/revisions\/754"}],"wp:attachment":[{"href":"https:\/\/hausprojekt-krausfeld.de\/index.php\/wp-json\/wp\/v2\/media?parent=22"}],"curies":[{"name":"wp","href":"https:\/\/api.w.org\/{rel}","templated":true}]}}