{"id":128,"date":"2019-10-15T18:01:02","date_gmt":"2019-10-15T18:01:02","guid":{"rendered":"https:\/\/gut-krausfeld.de\/?page_id=128"},"modified":"2025-10-19T16:19:34","modified_gmt":"2025-10-19T14:19:34","slug":"motivation-und-vision","status":"publish","type":"page","link":"https:\/\/hausprojekt-krausfeld.de\/index.php\/motivation-und-vision\/","title":{"rendered":"Motivation und Vision"},"content":{"rendered":"\n<h3 class=\"wp-block-heading\">\u00dcber Uns<\/h3>\n\n\n\n<figure class=\"wp-block-image alignright size-large is-resized\"><img loading=\"lazy\" decoding=\"async\" width=\"865\" height=\"1297\" src=\"https:\/\/hausprojekt-krausfeld.de\/wp-content\/uploads\/2025\/07\/Gruppenbild_Ghibli-edited-1.jpg\" alt=\"\" class=\"wp-image-726\" style=\"width:314px;height:auto\" srcset=\"https:\/\/hausprojekt-krausfeld.de\/wp-content\/uploads\/2025\/07\/Gruppenbild_Ghibli-edited-1.jpg 865w, https:\/\/hausprojekt-krausfeld.de\/wp-content\/uploads\/2025\/07\/Gruppenbild_Ghibli-edited-1-200x300.jpg 200w, https:\/\/hausprojekt-krausfeld.de\/wp-content\/uploads\/2025\/07\/Gruppenbild_Ghibli-edited-1-683x1024.jpg 683w, https:\/\/hausprojekt-krausfeld.de\/wp-content\/uploads\/2025\/07\/Gruppenbild_Ghibli-edited-1-768x1152.jpg 768w\" sizes=\"auto, (max-width: 865px) 100vw, 865px\" \/><\/figure>\n\n\n\n<p>Seit mehr als acht Jahren leben wir gemeinschaftlich im Hausprojekt Krausfeld \u2013 einem <strong>Haus inmitten der Bonner Altstadt<\/strong>. Wir sind 8 Bewohner*innen und Freund*innen in unterschiedlichen Lebensphasen.<\/p>\n\n\n\n<p>Das gemeinschaftliche Leben bietet uns Raum zum Teilen, zum Diskutieren und einen Rahmen f\u00fcr gegenseitige F\u00fcrsorge und Verantwortung. Solidarisches Wohnen ist in den vergangenen Jahren Teil unserer Vorstellung eines Guten Lebens geworden. <br><br>Wir erleben das Zusammenleben als Bereicherung. Bis zum Feierabend h\u00e4lt der Tag gen\u00fcgend Spontanit\u00e4t offen. Haushaltsaufgaben und Aufgaben, die im Rahmen der Projekt- und Hausverwaltung anfallen werden geteilt, gekocht wird viel, gut und gerne f\u00fcr alle \u2013 die allt\u00e4glichen Pflichten und Aufgaben reduzieren sich dadurch f\u00fcr jede*n Einzelne*n.<\/p>\n\n\n\n<h3 class=\"wp-block-heading\">Die H\u00e4user denen, die drin wohnen<\/h3>\n\n\n\n<p>Statt Renditeobjekte f\u00fcr wenige zu sein, wird unser Wohnraum gemeinschaftlich genutzt, verwaltet und erhalten. So stellen wir uns gegen Mietspekulation und Verdr\u00e4ngung und schaffen langfristig bezahlbaren, selbstverwalteten Wohnraum in der Altstadt. Bei uns entscheiden die Menschen, die im Haus leben. Sie bilden den Hausverein und verwalten das Projekt gemeinsam. Durch die Mitgliedschaft im Mietsh\u00e4user Syndikat ist au\u00dferdem sichergestellt, dass das Haus dauerhaft gemeinschaftlich bleibt, es kann nie mehr in den privaten Immobilienmarkt zur\u00fcckfallen. Mehr zu unserer Projektstruktur findest du <a href=\"https:\/\/hausprojekt-krausfeld.de\/index.php\/projekt-und-finanzierungsstruktur\/\">hier<\/a>.<br><\/p>\n\n\n\n<h2 class=\"wp-block-heading\">Solidarische Orte f\u00fcr die Zukunft behalten<\/h2>\n\n\n\n<figure class=\"wp-block-image alignright is-resized\"><img loading=\"lazy\" decoding=\"async\" width=\"1920\" height=\"1280\" src=\"https:\/\/hausprojekt-krausfeld.de\/wp-content\/uploads\/2024\/08\/hoffest_2024-41-von-53.jpg\" alt=\"\" class=\"wp-image-602\" style=\"width:305px;height:auto\" srcset=\"https:\/\/hausprojekt-krausfeld.de\/wp-content\/uploads\/2024\/08\/hoffest_2024-41-von-53.jpg 1920w, https:\/\/hausprojekt-krausfeld.de\/wp-content\/uploads\/2024\/08\/hoffest_2024-41-von-53-300x200.jpg 300w, https:\/\/hausprojekt-krausfeld.de\/wp-content\/uploads\/2024\/08\/hoffest_2024-41-von-53-1024x683.jpg 1024w, https:\/\/hausprojekt-krausfeld.de\/wp-content\/uploads\/2024\/08\/hoffest_2024-41-von-53-768x512.jpg 768w, https:\/\/hausprojekt-krausfeld.de\/wp-content\/uploads\/2024\/08\/hoffest_2024-41-von-53-1536x1024.jpg 1536w\" sizes=\"auto, (max-width: 1920px) 100vw, 1920px\" \/><\/figure>\n\n\n\n<p>Unser Haus soll mehr als nur Wohnraum sein. In unserem Hof finden regelm\u00e4\u00dfig Veranstaltungen wie Hofkino, Hofkneipe oder kleine Flohm\u00e4rkte statt. In der offenen Werkstatt wird gemeinsam gebaut und repariert. Die Abholstation der Solawi Alfter wird von viele Nachbar*Innen genutzt. Aufgrund des gro\u00dfes Garagenhofes haben wir als Projekt viel Platz und m\u00f6chten hier eine Orte f\u00fcr Austausch und gegenseitige Unterst\u00fctzung schaffen.<br>Gerade in Zeiten, in denen rechte Kr\u00e4fte an Einfluss gewinnen, ist es uns wichtig, offene und solidarische Orte wie diesen zu erhalten und weiterzuentwickeln.<\/p>\n\n\n\n<h3 class=\"wp-block-heading\"><\/h3>\n\n\n\n<p><\/p>\n","protected":false},"excerpt":{"rendered":"<p>\u00dcber Uns Seit mehr als acht Jahren leben wir gemeinschaftlich im Hausprojekt Krausfeld \u2013 einem Haus inmitten der Bonner Altstadt. Wir sind 8 Bewohner*innen und Freund*innen in unterschiedlichen Lebensphasen. Das gemeinschaftliche Leben bietet uns Raum zum Teilen, zum Diskutieren und einen Rahmen f\u00fcr gegenseitige F\u00fcrsorge und Verantwortung. Solidarisches Wohnen ist in den vergangenen Jahren Teil [&hellip;]<\/p>\n","protected":false},"author":2,"featured_media":0,"parent":0,"menu_order":0,"comment_status":"closed","ping_status":"closed","template":"","meta":{"site-sidebar-layout":"default","site-content-layout":"default","ast-site-content-layout":"default","site-content-style":"default","site-sidebar-style":"default","ast-global-header-display":"","ast-banner-title-visibility":"","ast-main-header-display":"","ast-hfb-above-header-display":"","ast-hfb-below-header-display":"","ast-hfb-mobile-header-display":"","site-post-title":"","ast-breadcrumbs-content":"","ast-featured-img":"","footer-sml-layout":"","theme-transparent-header-meta":"default","adv-header-id-meta":"","stick-header-meta":"","header-above-stick-meta":"","header-main-stick-meta":"","header-below-stick-meta":"","astra-migrate-meta-layouts":"set","ast-page-background-enabled":"default","ast-page-background-meta":{"desktop":{"background-color":"var(--ast-global-color-4)","background-image":"","background-repeat":"repeat","background-position":"center center","background-size":"auto","background-attachment":"scroll","background-type":"","background-media":"","overlay-type":"","overlay-color":"","overlay-opacity":"","overlay-gradient":""},"tablet":{"background-color":"","background-image":"","background-repeat":"repeat","background-position":"center center","background-size":"auto","background-attachment":"scroll","background-type":"","background-media":"","overlay-type":"","overlay-color":"","overlay-opacity":"","overlay-gradient":""},"mobile":{"background-color":"","background-image":"","background-repeat":"repeat","background-position":"center center","background-size":"auto","background-attachment":"scroll","background-type":"","background-media":"","overlay-type":"","overlay-color":"","overlay-opacity":"","overlay-gradient":""}},"ast-content-background-meta":{"desktop":{"background-color":"var(--ast-global-color-5)","background-image":"","background-repeat":"repeat","background-position":"center center","background-size":"auto","background-attachment":"scroll","background-type":"","background-media":"","overlay-type":"","overlay-color":"","overlay-opacity":"","overlay-gradient":""},"tablet":{"background-color":"var(--ast-global-color-5)","background-image":"","background-repeat":"repeat","background-position":"center center","background-size":"auto","background-attachment":"scroll","background-type":"","background-media":"","overlay-type":"","overlay-color":"","overlay-opacity":"","overlay-gradient":""},"mobile":{"background-color":"var(--ast-global-color-5)","background-image":"","background-repeat":"repeat","background-position":"center center","background-size":"auto","background-attachment":"scroll","background-type":"","background-media":"","overlay-type":"","overlay-color":"","overlay-opacity":"","overlay-gradient":""}},"footnotes":""},"class_list":["post-128","page","type-page","status-publish","hentry"],"yoast_head":"<!-- This site is optimized with the Yoast SEO plugin v27.4 - https:\/\/yoast.com\/product\/yoast-seo-wordpress\/ -->\n<title>Motivation und Vision - Hausprojekt Krausfeld<\/title>\n<meta name=\"description\" content=\"Wir m\u00f6chten eine solidarische und ressourcenarme Lebensweise durch unser Hausprojekt verwirklichen. Das ist unsere Vision!\" \/>\n<meta name=\"robots\" content=\"index, follow, max-snippet:-1, max-image-preview:large, max-video-preview:-1\" \/>\n<link rel=\"canonical\" href=\"https:\/\/hausprojekt-krausfeld.de\/index.php\/motivation-und-vision\/\" \/>\n<meta property=\"og:locale\" content=\"de_DE\" \/>\n<meta property=\"og:type\" content=\"article\" \/>\n<meta property=\"og:title\" content=\"Motivation und Vision - Hausprojekt Krausfeld\" \/>\n<meta property=\"og:description\" content=\"Wir m\u00f6chten eine solidarische und ressourcenarme Lebensweise durch unser Hausprojekt verwirklichen. Das ist unsere Vision!\" \/>\n<meta property=\"og:url\" content=\"https:\/\/hausprojekt-krausfeld.de\/index.php\/motivation-und-vision\/\" \/>\n<meta property=\"og:site_name\" content=\"Hausprojekt Krausfeld\" \/>\n<meta property=\"article:modified_time\" content=\"2025-10-19T14:19:34+00:00\" \/>\n<meta property=\"og:image\" content=\"https:\/\/hausprojekt-krausfeld.de\/wp-content\/uploads\/2025\/07\/Gruppenbild_Ghibli-edited-1.jpg\" \/>\n\t<meta property=\"og:image:width\" content=\"865\" \/>\n\t<meta property=\"og:image:height\" content=\"1297\" \/>\n\t<meta property=\"og:image:type\" content=\"image\/jpeg\" \/>\n<meta name=\"twitter:card\" content=\"summary_large_image\" \/>\n<meta name=\"twitter:site\" content=\"@krausfeld\" \/>\n<meta name=\"twitter:label1\" content=\"Gesch\u00e4tzte Lesezeit\" \/>\n\t<meta name=\"twitter:data1\" content=\"2\u00a0Minuten\" \/>\n<script type=\"application\/ld+json\" class=\"yoast-schema-graph\">{\"@context\":\"https:\\\/\\\/schema.org\",\"@graph\":[{\"@type\":\"WebPage\",\"@id\":\"https:\\\/\\\/hausprojekt-krausfeld.de\\\/index.php\\\/motivation-und-vision\\\/\",\"url\":\"https:\\\/\\\/hausprojekt-krausfeld.de\\\/index.php\\\/motivation-und-vision\\\/\",\"name\":\"Motivation und Vision - Hausprojekt Krausfeld\",\"isPartOf\":{\"@id\":\"https:\\\/\\\/hausprojekt-krausfeld.de\\\/#website\"},\"primaryImageOfPage\":{\"@id\":\"https:\\\/\\\/hausprojekt-krausfeld.de\\\/index.php\\\/motivation-und-vision\\\/#primaryimage\"},\"image\":{\"@id\":\"https:\\\/\\\/hausprojekt-krausfeld.de\\\/index.php\\\/motivation-und-vision\\\/#primaryimage\"},\"thumbnailUrl\":\"https:\\\/\\\/hausprojekt-krausfeld.de\\\/wp-content\\\/uploads\\\/2025\\\/07\\\/Gruppenbild_Ghibli-edited-1.jpg\",\"datePublished\":\"2019-10-15T18:01:02+00:00\",\"dateModified\":\"2025-10-19T14:19:34+00:00\",\"description\":\"Wir m\u00f6chten eine solidarische und ressourcenarme Lebensweise durch unser Hausprojekt verwirklichen. Das ist unsere Vision!\",\"breadcrumb\":{\"@id\":\"https:\\\/\\\/hausprojekt-krausfeld.de\\\/index.php\\\/motivation-und-vision\\\/#breadcrumb\"},\"inLanguage\":\"de\",\"potentialAction\":[{\"@type\":\"ReadAction\",\"target\":[\"https:\\\/\\\/hausprojekt-krausfeld.de\\\/index.php\\\/motivation-und-vision\\\/\"]}]},{\"@type\":\"ImageObject\",\"inLanguage\":\"de\",\"@id\":\"https:\\\/\\\/hausprojekt-krausfeld.de\\\/index.php\\\/motivation-und-vision\\\/#primaryimage\",\"url\":\"https:\\\/\\\/hausprojekt-krausfeld.de\\\/wp-content\\\/uploads\\\/2025\\\/07\\\/Gruppenbild_Ghibli-edited-1.jpg\",\"contentUrl\":\"https:\\\/\\\/hausprojekt-krausfeld.de\\\/wp-content\\\/uploads\\\/2025\\\/07\\\/Gruppenbild_Ghibli-edited-1.jpg\",\"width\":865,\"height\":1297},{\"@type\":\"BreadcrumbList\",\"@id\":\"https:\\\/\\\/hausprojekt-krausfeld.de\\\/index.php\\\/motivation-und-vision\\\/#breadcrumb\",\"itemListElement\":[{\"@type\":\"ListItem\",\"position\":1,\"name\":\"Home\",\"item\":\"https:\\\/\\\/hausprojekt-krausfeld.de\\\/\"},{\"@type\":\"ListItem\",\"position\":2,\"name\":\"Motivation und Vision\"}]},{\"@type\":\"WebSite\",\"@id\":\"https:\\\/\\\/hausprojekt-krausfeld.de\\\/#website\",\"url\":\"https:\\\/\\\/hausprojekt-krausfeld.de\\\/\",\"name\":\"Gut Krausfeld\",\"description\":\"Solidarisches Wohnprojekt in Bonn\",\"publisher\":{\"@id\":\"https:\\\/\\\/hausprojekt-krausfeld.de\\\/#organization\"},\"potentialAction\":[{\"@type\":\"SearchAction\",\"target\":{\"@type\":\"EntryPoint\",\"urlTemplate\":\"https:\\\/\\\/hausprojekt-krausfeld.de\\\/?s={search_term_string}\"},\"query-input\":{\"@type\":\"PropertyValueSpecification\",\"valueRequired\":true,\"valueName\":\"search_term_string\"}}],\"inLanguage\":\"de\"},{\"@type\":\"Organization\",\"@id\":\"https:\\\/\\\/hausprojekt-krausfeld.de\\\/#organization\",\"name\":\"Gut Krausfeld e.V.\",\"url\":\"https:\\\/\\\/hausprojekt-krausfeld.de\\\/\",\"logo\":{\"@type\":\"ImageObject\",\"inLanguage\":\"de\",\"@id\":\"https:\\\/\\\/hausprojekt-krausfeld.de\\\/#\\\/schema\\\/logo\\\/image\\\/\",\"url\":\"https:\\\/\\\/hausprojekt-krausfeld.de\\\/wp-content\\\/uploads\\\/2019\\\/08\\\/GKLogSCHWARZ-2.png\",\"contentUrl\":\"https:\\\/\\\/hausprojekt-krausfeld.de\\\/wp-content\\\/uploads\\\/2019\\\/08\\\/GKLogSCHWARZ-2.png\",\"width\":1080,\"height\":848,\"caption\":\"Gut Krausfeld e.V.\"},\"image\":{\"@id\":\"https:\\\/\\\/hausprojekt-krausfeld.de\\\/#\\\/schema\\\/logo\\\/image\\\/\"},\"sameAs\":[\"https:\\\/\\\/x.com\\\/krausfeld\",\"http:\\\/\\\/@gut-krausfeld\"]}]}<\/script>\n<!-- \/ Yoast SEO plugin. -->","yoast_head_json":{"title":"Motivation und Vision - Hausprojekt Krausfeld","description":"Wir m\u00f6chten eine solidarische und ressourcenarme Lebensweise durch unser Hausprojekt verwirklichen. Das ist unsere Vision!","robots":{"index":"index","follow":"follow","max-snippet":"max-snippet:-1","max-image-preview":"max-image-preview:large","max-video-preview":"max-video-preview:-1"},"canonical":"https:\/\/hausprojekt-krausfeld.de\/index.php\/motivation-und-vision\/","og_locale":"de_DE","og_type":"article","og_title":"Motivation und Vision - Hausprojekt Krausfeld","og_description":"Wir m\u00f6chten eine solidarische und ressourcenarme Lebensweise durch unser Hausprojekt verwirklichen. Das ist unsere Vision!","og_url":"https:\/\/hausprojekt-krausfeld.de\/index.php\/motivation-und-vision\/","og_site_name":"Hausprojekt Krausfeld","article_modified_time":"2025-10-19T14:19:34+00:00","og_image":[{"width":865,"height":1297,"url":"https:\/\/hausprojekt-krausfeld.de\/wp-content\/uploads\/2025\/07\/Gruppenbild_Ghibli-edited-1.jpg","type":"image\/jpeg"}],"twitter_card":"summary_large_image","twitter_site":"@krausfeld","twitter_misc":{"Gesch\u00e4tzte Lesezeit":"2\u00a0Minuten"},"schema":{"@context":"https:\/\/schema.org","@graph":[{"@type":"WebPage","@id":"https:\/\/hausprojekt-krausfeld.de\/index.php\/motivation-und-vision\/","url":"https:\/\/hausprojekt-krausfeld.de\/index.php\/motivation-und-vision\/","name":"Motivation und Vision - Hausprojekt Krausfeld","isPartOf":{"@id":"https:\/\/hausprojekt-krausfeld.de\/#website"},"primaryImageOfPage":{"@id":"https:\/\/hausprojekt-krausfeld.de\/index.php\/motivation-und-vision\/#primaryimage"},"image":{"@id":"https:\/\/hausprojekt-krausfeld.de\/index.php\/motivation-und-vision\/#primaryimage"},"thumbnailUrl":"https:\/\/hausprojekt-krausfeld.de\/wp-content\/uploads\/2025\/07\/Gruppenbild_Ghibli-edited-1.jpg","datePublished":"2019-10-15T18:01:02+00:00","dateModified":"2025-10-19T14:19:34+00:00","description":"Wir m\u00f6chten eine solidarische und ressourcenarme Lebensweise durch unser Hausprojekt verwirklichen. Das ist unsere Vision!","breadcrumb":{"@id":"https:\/\/hausprojekt-krausfeld.de\/index.php\/motivation-und-vision\/#breadcrumb"},"inLanguage":"de","potentialAction":[{"@type":"ReadAction","target":["https:\/\/hausprojekt-krausfeld.de\/index.php\/motivation-und-vision\/"]}]},{"@type":"ImageObject","inLanguage":"de","@id":"https:\/\/hausprojekt-krausfeld.de\/index.php\/motivation-und-vision\/#primaryimage","url":"https:\/\/hausprojekt-krausfeld.de\/wp-content\/uploads\/2025\/07\/Gruppenbild_Ghibli-edited-1.jpg","contentUrl":"https:\/\/hausprojekt-krausfeld.de\/wp-content\/uploads\/2025\/07\/Gruppenbild_Ghibli-edited-1.jpg","width":865,"height":1297},{"@type":"BreadcrumbList","@id":"https:\/\/hausprojekt-krausfeld.de\/index.php\/motivation-und-vision\/#breadcrumb","itemListElement":[{"@type":"ListItem","position":1,"name":"Home","item":"https:\/\/hausprojekt-krausfeld.de\/"},{"@type":"ListItem","position":2,"name":"Motivation und Vision"}]},{"@type":"WebSite","@id":"https:\/\/hausprojekt-krausfeld.de\/#website","url":"https:\/\/hausprojekt-krausfeld.de\/","name":"Gut Krausfeld","description":"Solidarisches Wohnprojekt in Bonn","publisher":{"@id":"https:\/\/hausprojekt-krausfeld.de\/#organization"},"potentialAction":[{"@type":"SearchAction","target":{"@type":"EntryPoint","urlTemplate":"https:\/\/hausprojekt-krausfeld.de\/?s={search_term_string}"},"query-input":{"@type":"PropertyValueSpecification","valueRequired":true,"valueName":"search_term_string"}}],"inLanguage":"de"},{"@type":"Organization","@id":"https:\/\/hausprojekt-krausfeld.de\/#organization","name":"Gut Krausfeld e.V.","url":"https:\/\/hausprojekt-krausfeld.de\/","logo":{"@type":"ImageObject","inLanguage":"de","@id":"https:\/\/hausprojekt-krausfeld.de\/#\/schema\/logo\/image\/","url":"https:\/\/hausprojekt-krausfeld.de\/wp-content\/uploads\/2019\/08\/GKLogSCHWARZ-2.png","contentUrl":"https:\/\/hausprojekt-krausfeld.de\/wp-content\/uploads\/2019\/08\/GKLogSCHWARZ-2.png","width":1080,"height":848,"caption":"Gut Krausfeld e.V."},"image":{"@id":"https:\/\/hausprojekt-krausfeld.de\/#\/schema\/logo\/image\/"},"sameAs":["https:\/\/x.com\/krausfeld","http:\/\/@gut-krausfeld"]}]}},"_links":{"self":[{"href":"https:\/\/hausprojekt-krausfeld.de\/index.php\/wp-json\/wp\/v2\/pages\/128","targetHints":{"allow":["GET"]}}],"collection":[{"href":"https:\/\/hausprojekt-krausfeld.de\/index.php\/wp-json\/wp\/v2\/pages"}],"about":[{"href":"https:\/\/hausprojekt-krausfeld.de\/index.php\/wp-json\/wp\/v2\/types\/page"}],"author":[{"embeddable":true,"href":"https:\/\/hausprojekt-krausfeld.de\/index.php\/wp-json\/wp\/v2\/users\/2"}],"replies":[{"embeddable":true,"href":"https:\/\/hausprojekt-krausfeld.de\/index.php\/wp-json\/wp\/v2\/comments?post=128"}],"version-history":[{"count":84,"href":"https:\/\/hausprojekt-krausfeld.de\/index.php\/wp-json\/wp\/v2\/pages\/128\/revisions"}],"predecessor-version":[{"id":753,"href":"https:\/\/hausprojekt-krausfeld.de\/index.php\/wp-json\/wp\/v2\/pages\/128\/revisions\/753"}],"wp:attachment":[{"href":"https:\/\/hausprojekt-krausfeld.de\/index.php\/wp-json\/wp\/v2\/media?parent=128"}],"curies":[{"name":"wp","href":"https:\/\/api.w.org\/{rel}","templated":true}]}}